{"id":4503,"date":"2024-09-13T14:48:27","date_gmt":"2024-09-13T12:48:27","guid":{"rendered":"https:\/\/salmbraeu.woda.website\/privacy-policy\/"},"modified":"2024-09-13T14:48:27","modified_gmt":"2024-09-13T12:48:27","slug":"privacy-policy","status":"publish","type":"page","link":"https:\/\/salmbraeu.com\/en\/privacy-policy\/","title":{"rendered":"Privacy Policy"},"content":{"rendered":"\n<h3 class=\"wp-block-heading\">Erkl\u00e4rung zur Informationspflicht <\/h3>\n\n<p>Der Schutz&#13;\nIhrer pers\u00f6nlichen Daten ist uns ein besonderes Anliegen. Wir verarbeiten Ihre&#13;\nDaten daher ausschlie\u00dflich auf Grundlage der gesetzlichen Bestimmungen (DSGVO,&#13;\nTKG 2003). In diesen Datenschutzinformationen informieren wir Sie \u00fcber die&#13;\nwichtigsten Aspekte der Datenverarbeitung im Rahmen unserer Website. <\/p>\n\n<h3 class=\"wp-block-heading\">Kontakt mit uns <\/h3>\n\n<p>Wenn Sie per&#13;\nE-Mail Kontakt mit uns aufnehmen, werden Ihre angegebenen Daten zwecks&#13;\nBearbeitung der Anfrage und f\u00fcr den Fall von Anschlussfragen sechs Monate bei&#13;\nuns gespeichert. Diese Daten geben wir nicht ohne Ihre Einwilligung weiter. <\/p>\n\n<h3 class=\"wp-block-heading\">Ihre Rechte <\/h3>\n\n<p>Ihnen stehen&#13;\ngrunds\u00e4tzlich die Rechte auf Auskunft, Berichtigung, L\u00f6schung, Einschr\u00e4nkung,&#13;\nDaten\u00fcbertragbarkeit, Widerruf und Widerspruch zu. Wenn Sie glauben, dass die&#13;\nVerarbeitung Ihrer Daten gegen das Datenschutzrecht verst\u00f6\u00dft oder Ihre&#13;\ndatenschutzrechtlichen Anspr\u00fcche sonst in einer Weise verletzt worden sind,&#13;\nk\u00f6nnen Sie sich bei der Aufsichtsbeh\u00f6rde beschweren. In \u00d6sterreich ist dies die&#13;\nDatenschutzbeh\u00f6rde. <strong><br\/>&#13;\n<\/strong><\/p>\n\n<h4 class=\"wp-block-heading\">Sie erreichen uns unter folgenden Kontaktdaten: <\/h4>\n\n<p>Salm Br\u00e4u&#13;\nGesmbH<br\/>&#13;\nRennweg 8 <br\/>&#13;\n1030 Wien <br\/>&#13;\n\u00d6sterreich <\/p>\n\n<p>Tel.: 0043-1-799 599 2 <br\/>&#13;\nFax.: 0043-1-799 599 265 <br\/>&#13;\nMail: <a href=\"mailto:office@salmbraeu.com\">office@salmbraeu.com<\/a><\/p>\n","protected":false},"excerpt":{"rendered":"<p>Erkl\u00e4rung zur Informationspflicht Der Schutz&#13; Ihrer pers\u00f6nlichen Daten ist uns ein besonderes Anliegen. Wir verarbeiten Ihre&#13; Daten daher ausschlie\u00dflich auf Grundlage der gesetzlichen Bestimmungen (DSGVO,&#13; TKG 2003). In diesen Datenschutzinformationen informieren wir Sie \u00fcber die&#13; wichtigsten Aspekte der Datenverarbeitung im Rahmen unserer Website. Kontakt mit uns Wenn Sie per&#13; E-Mail Kontakt mit uns aufnehmen, werden [&hellip;]<\/p>\n","protected":false},"author":1,"featured_media":0,"parent":0,"menu_order":0,"comment_status":"closed","ping_status":"closed","template":"","meta":{"_acf_changed":false,"footnotes":""},"class_list":["post-4503","page","type-page","status-publish","hentry"],"acf":[],"_links":{"self":[{"href":"https:\/\/salmbraeu.com\/en\/wp-json\/wp\/v2\/pages\/4503","targetHints":{"allow":["GET"]}}],"collection":[{"href":"https:\/\/salmbraeu.com\/en\/wp-json\/wp\/v2\/pages"}],"about":[{"href":"https:\/\/salmbraeu.com\/en\/wp-json\/wp\/v2\/types\/page"}],"author":[{"embeddable":true,"href":"https:\/\/salmbraeu.com\/en\/wp-json\/wp\/v2\/users\/1"}],"replies":[{"embeddable":true,"href":"https:\/\/salmbraeu.com\/en\/wp-json\/wp\/v2\/comments?post=4503"}],"version-history":[{"count":1,"href":"https:\/\/salmbraeu.com\/en\/wp-json\/wp\/v2\/pages\/4503\/revisions"}],"predecessor-version":[{"id":4504,"href":"https:\/\/salmbraeu.com\/en\/wp-json\/wp\/v2\/pages\/4503\/revisions\/4504"}],"wp:attachment":[{"href":"https:\/\/salmbraeu.com\/en\/wp-json\/wp\/v2\/media?parent=4503"}],"curies":[{"name":"wp","href":"https:\/\/api.w.org\/{rel}","templated":true}]}}