{"id":4501,"date":"2024-09-13T14:48:10","date_gmt":"2024-09-13T12:48:10","guid":{"rendered":"https:\/\/salmbraeu.woda.website\/imprint\/"},"modified":"2024-09-13T14:48:10","modified_gmt":"2024-09-13T12:48:10","slug":"imprint","status":"publish","type":"page","link":"https:\/\/salmbraeu.com\/en\/imprint\/","title":{"rendered":"Imprint"},"content":{"rendered":"\n<h3 class=\"wp-block-heading\">St\u00f6ckl im Park<\/h3>\n\n<p>Prinz-Eugen-Stra\u00dfe 25, 1030 Wien<br\/>+43 1 796 50 50<br\/><a href=\"mailto:Info@stoecklimpark.at\">Info@stoecklimpark.at<\/a><br\/><a href=\"https:\/\/salmbraeu.com\/\">salmbraeu.com<\/a><\/p>\n\n<p>gem. \u00a7 6 n. F. TDG aufgrund des Gesetzes \u00fcber rechtliche Rahmenbedingungen f\u00fcr den elektronischen Gesch\u00e4ftsverkehr. Salm Br\u00e4u GmbH \u00fcbernimmt keine Haftung f\u00fcr die Vollst\u00e4ndigkeit oder inhaltliche Richtigkeit der genannten Angaben.<\/p>\n\n<p><strong>Firmenanschrift:<\/strong> Salm Br\u00e4u GmbH, Rennweg 8, A-1030 Wien<br\/><strong>Telefon:<\/strong> +43 1 799 599 2<br\/><strong>Fax:<\/strong> +43 1 799 599 2 65<br\/><strong>e-Mail:<\/strong> <a href=\"mailto:office@salmbraeu.com\">office@salmbraeu.com<\/a><br\/><strong>Internet:<\/strong> <a rel=\"noreferrer noopener\" aria-label=\" (&#xF6;ffnet in neuem Tab)\" href=\"https:\/\/www.salmbraeu.com\/\" target=\"_blank\">www.salmbraeu.com<\/a>   <br\/><strong>Gesch\u00e4ftsf\u00fchrer:<\/strong> KommR. Walter Welledits<br\/><strong>Registergericht:<\/strong> Handelsgericht Wien<br\/><strong>Registernummer:<\/strong> Fn47707h<br\/><strong>Umsatzsteuer-Identifikationsnummer:<\/strong> ATU14469403<br\/><strong>Inhaltlich Verantwortlicher gem\u00e4\u00df \u00a7 10 Absatz 3 MDStV:<\/strong> Ing.Albert Welledits<\/p>\n\n<p><\/p>\n","protected":false},"excerpt":{"rendered":"<p>St\u00f6ckl im Park Prinz-Eugen-Stra\u00dfe 25, 1030 Wien+43 1 796 50 50Info@stoecklimpark.atsalmbraeu.com gem. \u00a7 6 n. F. TDG aufgrund des Gesetzes \u00fcber rechtliche Rahmenbedingungen f\u00fcr den elektronischen Gesch\u00e4ftsverkehr. Salm Br\u00e4u GmbH \u00fcbernimmt keine Haftung f\u00fcr die Vollst\u00e4ndigkeit oder inhaltliche Richtigkeit der genannten Angaben. Firmenanschrift: Salm Br\u00e4u GmbH, Rennweg 8, A-1030 WienTelefon: +43 1 799 599 2Fax: [&hellip;]<\/p>\n","protected":false},"author":1,"featured_media":0,"parent":0,"menu_order":0,"comment_status":"closed","ping_status":"closed","template":"","meta":{"_acf_changed":false,"footnotes":""},"class_list":["post-4501","page","type-page","status-publish","hentry"],"acf":[],"_links":{"self":[{"href":"https:\/\/salmbraeu.com\/en\/wp-json\/wp\/v2\/pages\/4501","targetHints":{"allow":["GET"]}}],"collection":[{"href":"https:\/\/salmbraeu.com\/en\/wp-json\/wp\/v2\/pages"}],"about":[{"href":"https:\/\/salmbraeu.com\/en\/wp-json\/wp\/v2\/types\/page"}],"author":[{"embeddable":true,"href":"https:\/\/salmbraeu.com\/en\/wp-json\/wp\/v2\/users\/1"}],"replies":[{"embeddable":true,"href":"https:\/\/salmbraeu.com\/en\/wp-json\/wp\/v2\/comments?post=4501"}],"version-history":[{"count":1,"href":"https:\/\/salmbraeu.com\/en\/wp-json\/wp\/v2\/pages\/4501\/revisions"}],"predecessor-version":[{"id":4502,"href":"https:\/\/salmbraeu.com\/en\/wp-json\/wp\/v2\/pages\/4501\/revisions\/4502"}],"wp:attachment":[{"href":"https:\/\/salmbraeu.com\/en\/wp-json\/wp\/v2\/media?parent=4501"}],"curies":[{"name":"wp","href":"https:\/\/api.w.org\/{rel}","templated":true}]}}